{"id":1805,"date":"2019-08-26T13:56:19","date_gmt":"2019-08-26T13:56:19","guid":{"rendered":"http:\/\/equipes.nelsoncardeira.com\/?page_id=1805"},"modified":"2019-12-26T14:50:12","modified_gmt":"2019-12-26T14:50:12","slug":"termes-et-conditions","status":"publish","type":"page","link":"https:\/\/equipes-notre-dame.com\/es\/terminos-y-condiciones\/","title":{"rendered":"T\u00e9rminos y condiciones"},"content":{"rendered":"<h2>T\u00e9rminos y Condiciones<\/h2>\n<p><strong>Bienvenido a Equipes Notre-Dame!<\/strong><\/p>\n<p>Las presentes condiciones generales describen las normas de utilizaci\u00f3n del sitio web de los Equipos Notre-Dame, situado en https:\/\/equipes-notre-dame.com.<\/p>\n<p>El hecho de acceder a esta p\u00e1gina web implica la aceptaci\u00f3n de estas condiciones. No contin\u00fae utilizando Equipes Notre-Dame si no est\u00e1 de acuerdo con la totalidad de las condiciones de uso que figuran en esta p\u00e1gina. Nuestros T\u00e9rminos y Condiciones fueron creados con la ayuda del Generador de T\u00e9rminos y Condiciones.<\/p>\n<p>La siguiente terminolog\u00eda se aplica a estos T\u00e9rminos y Condiciones, a la Declaraci\u00f3n de Privacidad y al Aviso de Exenci\u00f3n de Responsabilidad y a todos los Acuerdos: \u00abCliente\u00bb, \u00abUsted\u00bb y \u00abSu\u00bb se refiere a usted, la persona que se registra en esta p\u00e1gina web y que cumple con los t\u00e9rminos y condiciones de la Compa\u00f1\u00eda. \u00abLa Compa\u00f1\u00eda\u00bb, \u00abNosotros\u00bb, \u00abNuestro\u00bb y \u00abNosotros\u00bb, se refiere a nuestra Compa\u00f1\u00eda. \u00abParte\u00bb, \u00abPartes\u00bb o \u00abNosotros\u00bb, se refiere tanto al Cliente como a nosotros mismos. Todos los t\u00e9rminos se refieren a la oferta, la aceptaci\u00f3n y la consideraci\u00f3n de pago necesarias para llevar a cabo el proceso de nuestra asistencia al Cliente de la manera m\u00e1s apropiada para el prop\u00f3sito expreso de satisfacer las necesidades del Cliente con respecto a la provisi\u00f3n de los servicios declarados de la Compa\u00f1\u00eda, de acuerdo y sujeto a la ley vigente de los Pa\u00edses Bajos. Cualquier uso de la terminolog\u00eda anterior u otras palabras en singular, plural, may\u00fasculas y\/o \u00e9l\/ella o ellos, se consideran intercambiables y por lo tanto se refieren a la misma.<\/p>\n<p><strong>Cookies<\/strong><\/p>\n<p>Empleamos el uso de cookies. Al acceder a Equipes Notre-Dame, usted acept\u00f3 utilizar cookies de acuerdo con la Pol\u00edtica de Privacidad de Equipes Notre-Dame.<\/p>\n<p>La mayor\u00eda de las p\u00e1ginas web interactivas utilizan cookies para permitirnos recuperar los datos del usuario en cada visita. Las cookies son utilizadas por nuestra p\u00e1gina web para permitir la funcionalidad de ciertas \u00e1reas para facilitar a las personas que visitan nuestra p\u00e1gina web. Algunos de nuestros socios afiliados\/publicitarios tambi\u00e9n pueden utilizar cookies.<\/p>\n<p><strong>Licencia<\/strong><\/p>\n<p>A menos que se indique lo contrario, Equipes Notre-Dame y\/o sus licenciatarios poseen los derechos de propiedad intelectual de todo el material de Equipes Notre-Dame. Todos los derechos de propiedad intelectual est\u00e1n reservados. Usted puede acceder a esto desde Equipes Notre-Dame para su uso personal sujeto a las restricciones establecidas en estos t\u00e9rminos y condiciones.<\/p>\n<p><strong>No debe hacerlo:<\/strong><\/p>\n<p>Reproducir el material de Equipes Notre-Dame<br \/>\nVender, alquilar o sublicenciar material de Equipes Notre-Dame<br \/>\nReproducir, duplicar o copiar material de Equipes Notre-Dame<br \/>\nRedistribuir el contenido de Equipes Notre-Dame<\/p>\n<p><strong>El presente Acuerdo comenzar\u00e1 en la fecha del mismo.<\/strong><\/p>\n<p>Algunas partes de este sitio web ofrecen una oportunidad para que los usuarios publiquen e intercambien opiniones e informaci\u00f3n en ciertas \u00e1reas del sitio web. Equipes Notre-Dame no filtra, edita, publica o revisa los Comentarios antes de su presencia en la p\u00e1gina web. Los comentarios no reflejan los puntos de vista y opiniones de Equipes Notre-Dame, sus agentes y\/o afiliados. Los comentarios reflejan los puntos de vista y las opiniones de la persona que publica sus puntos de vista y opiniones. En la medida permitida por las leyes aplicables, Equipes Notre-Dame no ser\u00e1 responsable de los Comentarios o de cualquier responsabilidad, da\u00f1os o gastos causados y\/o sufridos como resultado de cualquier uso y\/o publicaci\u00f3n y\/o aparici\u00f3n de los Comentarios en esta p\u00e1gina web.<\/p>\n<p>Equipes Notre-Dame se reserva el derecho de controlar todos los Comentarios y de eliminar cualquier comentario que pueda ser considerado inapropiado, ofensivo o que cause el incumplimiento de estas Condiciones Generales.<\/p>\n<p><strong>Usted garantiza y representa eso:<\/strong><\/p>\n<p>Usted tiene derecho a publicar los Comentarios en nuestro sitio web y tiene todas las licencias y consentimientos necesarios para hacerlo;<br \/>\nLos Comentarios no invaden ning\u00fan derecho de propiedad intelectual, incluyendo, sin limitaci\u00f3n, los derechos de autor, patentes o marcas comerciales de terceros;<br \/>\nLos Comentarios no contienen ning\u00fan material difamatorio, calumnioso, ofensivo, indecente o de otro modo ilegal que sea una invasi\u00f3n de la privacidad<br \/>\nLos Comentarios no se utilizar\u00e1n para solicitar o promover negocios o costumbres o presentar actividades comerciales o actividades ilegales.<\/p>\n<p>Por la presente, usted concede a Equipes Notre-Dame una licencia no exclusiva para utilizar, reproducir, editar y autorizar a otros a utilizar, reproducir y editar cualquiera de sus Comentarios en cualquier forma, formato o medio.<\/p>\n<p><strong>Hiperv\u00ednculo a nuestro Contenido<\/strong><\/p>\n<p>Las siguientes organizaciones pueden tener un enlace a nuestro sitio web sin previa aprobaci\u00f3n por escrito:<\/p>\n<p>Agencias gubernamentales;<br \/>\nMotores de b\u00fasqueda;<br \/>\nOrganizaciones de noticias;<br \/>\nLos distribuidores de directorios en l\u00ednea pueden enlazar a nuestro sitio web de la misma manera que lo hacen con los sitios web de otras empresas que figuran en la lista; y<br \/>\nEmpresas acreditadas en todo el sistema, excepto las que solicitan organizaciones sin fines de lucro, centros comerciales de beneficencia y grupos de recaudaci\u00f3n de fondos de beneficencia, que no pueden tener un hiperv\u00ednculo a nuestro sitio web.<\/p>\n<p>Estas organizaciones pueden enlazar a nuestra p\u00e1gina principal, a publicaciones o a otra informaci\u00f3n del sitio web, siempre y cuando el enlace: (a) no sea de ninguna manera enga\u00f1oso; (b) no implique falsamente el patrocinio, el respaldo o la aprobaci\u00f3n de la parte que establece el enlace y sus productos y\/o servicios; y (c) se ajuste al contexto del sitio de la parte que establece el enlace.<\/p>\n<p>Podemos considerar y aprobar otras solicitudes de enlaces de los siguientes tipos de organizaciones:<\/p>\n<p>fuentes de informaci\u00f3n de consumo y\/o comerciales com\u00fanmente conocidas;<br \/>\nsitios de la comunidad dot.com;<br \/>\nasociaciones u otros grupos que representen a organizaciones ben\u00e9ficas;<br \/>\ndistribuidores de directorios en l\u00ednea;<br \/>\nportales de Internet;<br \/>\nempresas de contabilidad, derecho y consultor\u00eda; y<br \/>\ninstituciones educativas y asociaciones comerciales.<\/p>\n<p>Aprobaremos las solicitudes de enlace de estas organizaciones si as\u00ed lo decidimos: (a) el enlace no nos har\u00eda ver desfavorablemente a nosotros mismos o a nuestras empresas acreditadas; (b) la organizaci\u00f3n no tiene ning\u00fan registro negativo con nosotros; (c) el beneficio para nosotros de la visibilidad del hiperv\u00ednculo compensa la ausencia de Equipes Notre-Dame; y (d) el enlace est\u00e1 en el contexto de la informaci\u00f3n general de recursos.<\/p>\n<p>Estas organizaciones pueden enlazar con nuestra p\u00e1gina web siempre y cuando el enlace: (a) no sea de ninguna manera enga\u00f1oso; (b) no implique falsamente el patrocinio, el apoyo o la aprobaci\u00f3n de la parte que enlaza y sus productos o servicios; y (c) se ajuste al contexto del sitio de la parte que enlaza.<\/p>\n<p>Si usted es una de las organizaciones enumeradas en el p\u00e1rrafo 2 anterior y est\u00e1 interesado en vincularse a nuestro sitio web, debe informarnos enviando un correo electr\u00f3nico a Equipes Notre-Dame. Por favor, incluya su nombre, el nombre de su organizaci\u00f3n, informaci\u00f3n de contacto as\u00ed como el URL de su sitio, una lista de cualquier URL desde el cual usted tiene la intenci\u00f3n de enlazar a nuestro sitio web, y una lista de los URL de nuestro sitio a los cuales le gustar\u00eda enlazar. Espere de 2 a 3 semanas para recibir una respuesta.<\/p>\n<p>Las organizaciones aprobadas pueden establecer un hiperv\u00ednculo a nuestro sitio web de la siguiente manera:<\/p>\n<p>Mediante el uso de nuestro nombre corporativo; o<br \/>\nMediante el uso del localizador uniforme de recursos al que se est\u00e1 enlazando; o<br \/>\nEl uso de cualquier otra descripci\u00f3n de nuestro sitio web que est\u00e9 enlazada tiene sentido dentro del contexto y el formato del contenido del sitio de la parte enlazante.<\/p>\n<p>No se permitir\u00e1 el uso del logotipo de Equipes Notre-Dame u otro material gr\u00e1fico para el enlace si no existe un acuerdo de licencia de marca.<\/p>\n<p><strong>iFrames<\/strong><\/p>\n<p>Sin la aprobaci\u00f3n previa y el permiso escrito, no puede crear marcos alrededor de nuestras p\u00e1ginas web que alteren de alguna manera la presentaci\u00f3n visual o la apariencia de nuestro sitio web.<\/p>\n<p><strong>Responsabilidad del contenido<\/strong><\/p>\n<p>No nos hacemos responsables de ning\u00fan contenido que aparezca en su sitio web. Usted acepta protegernos y defendernos contra todas las reclamaciones que surjan en su sitio web. No debe aparecer en ning\u00fan sitio web ning\u00fan enlace que pueda ser interpretado como difamatorio, obsceno o criminal, o que infrinja, viole o promueva la infracci\u00f3n o cualquier otra violaci\u00f3n de los derechos de terceros.<\/p>\n<p><strong>Su privacidad<\/strong><\/p>\n<p>Por favor, lea la Pol\u00edtica de Privacidad<\/p>\n<p><strong>Reserva de derechos<\/strong><\/p>\n<p>Nos reservamos el derecho de solicitar que elimine todos los enlaces o cualquier enlace particular a nuestro sitio web. Usted aprueba la eliminaci\u00f3n inmediata de todos los enlaces a nuestro sitio web a petici\u00f3n. Tambi\u00e9n nos reservamos el derecho de aceptar estos t\u00e9rminos y condiciones y su pol\u00edtica de enlaces en cualquier momento. Al vincularse continuamente a nuestro sitio web, aceptas estar obligado y seguir estos t\u00e9rminos y condiciones de vinculaci\u00f3n.<\/p>\n<p>Eliminaci\u00f3n de los enlaces de nuestro sitio web<\/p>\n<p>Si encuentra alg\u00fan enlace en nuestro sitio web que sea ofensivo por cualquier motivo, puede ponerse en contacto con nosotros e informarnos en cualquier momento. Consideraremos las solicitudes de eliminaci\u00f3n de enlaces, pero no estamos obligados a ello ni a responderle directamente.<\/p>\n<p>No aseguramos que la informaci\u00f3n de este sitio web sea correcta, no garantizamos su integridad o exactitud; tampoco prometemos asegurar que el sitio web permanezca disponible o que el material del mismo se mantenga actualizado.<\/p>\n<p>Descargo de responsabilidad<\/p>\n<p>En la medida m\u00e1xima permitida por la ley aplicable, excluimos todas las representaciones, garant\u00edas y condiciones relacionadas con nuestro sitio web y el uso de este sitio web. Nada en esta renuncia de responsabilidad lo har\u00e1:<\/p>\n<ul>\n<li>limitar\u00e1 o excluir\u00e1 nuestra o su responsabilidad por muerte o lesiones personales;<\/li>\n<li>limitar\u00e1 o excluir\u00e1 nuestra o su responsabilidad por fraude o tergiversaci\u00f3n fraudulenta;<\/li>\n<li>limitar\u00e1 ninguna de nuestras o sus responsabilidades de ninguna manera que no est\u00e9 permitida por la ley aplicable;<\/li>\n<li>o excluir cualquiera de nuestras o sus responsabilidades que no puedan ser excluidas bajo la ley aplicable.<\/li>\n<\/ul>\n<p>Las limitaciones y prohibiciones de responsabilidad establecidas en esta Secci\u00f3n y en otras partes de esta cl\u00e1usula de exenci\u00f3n de responsabilidad: (a) est\u00e1n sujetas al p\u00e1rrafo anterior; y (b) rigen todas las responsabilidades que surjan en virtud de la cl\u00e1usula de exenci\u00f3n de responsabilidad, incluidas las responsabilidades contractuales, extracontractuales y por incumplimiento de obligaciones legales.<\/p>\n<p>Siempre que el sitio web y la informaci\u00f3n y los servicios del mismo se proporcionen de forma gratuita, no seremos responsables de ninguna p\u00e9rdida o da\u00f1o de ninguna naturaleza.<\/p>\n","protected":false},"excerpt":{"rendered":"<p>T\u00e9rminos y Condiciones Bienvenido a Equipes Notre-Dame! Las presentes condiciones generales describen las normas de utilizaci\u00f3n del sitio web de los Equipos Notre-Dame, situado en https:\/\/equipes-notre-dame.com. El hecho de acceder a esta p\u00e1gina web implica la aceptaci\u00f3n de estas condiciones. No contin\u00fae utilizando Equipes Notre-Dame si no est\u00e1 de acuerdo [&hellip;]<\/p>\n","protected":false},"author":2,"featured_media":0,"parent":0,"menu_order":0,"comment_status":"closed","ping_status":"closed","template":"","meta":{"footnotes":"","_links_to":"","_links_to_target":""},"translation":{"provider":"WPGlobus","version":"2.12.2","language":"es","enabled_languages":["fr","pt","es","it","en"],"languages":{"fr":{"title":true,"content":true,"excerpt":false},"pt":{"title":true,"content":true,"excerpt":false},"es":{"title":true,"content":true,"excerpt":false},"it":{"title":true,"content":true,"excerpt":false},"en":{"title":true,"content":true,"excerpt":false}}},"_links":{"self":[{"href":"https:\/\/equipes-notre-dame.com\/es\/wp-json\/wp\/v2\/pages\/1805"}],"collection":[{"href":"https:\/\/equipes-notre-dame.com\/es\/wp-json\/wp\/v2\/pages"}],"about":[{"href":"https:\/\/equipes-notre-dame.com\/es\/wp-json\/wp\/v2\/types\/page"}],"author":[{"embeddable":true,"href":"https:\/\/equipes-notre-dame.com\/es\/wp-json\/wp\/v2\/users\/2"}],"replies":[{"embeddable":true,"href":"https:\/\/equipes-notre-dame.com\/es\/wp-json\/wp\/v2\/comments?post=1805"}],"version-history":[{"count":4,"href":"https:\/\/equipes-notre-dame.com\/es\/wp-json\/wp\/v2\/pages\/1805\/revisions"}],"predecessor-version":[{"id":3115,"href":"https:\/\/equipes-notre-dame.com\/es\/wp-json\/wp\/v2\/pages\/1805\/revisions\/3115"}],"wp:attachment":[{"href":"https:\/\/equipes-notre-dame.com\/es\/wp-json\/wp\/v2\/media?parent=1805"}],"curies":[{"name":"wp","href":"https:\/\/api.w.org\/{rel}","templated":true}]}}