{"id":1811,"date":"2019-08-26T14:02:02","date_gmt":"2019-08-26T14:02:02","guid":{"rendered":"http:\/\/equipes.nelsoncardeira.com\/?page_id=1811"},"modified":"2025-10-20T11:41:24","modified_gmt":"2025-10-20T11:41:24","slug":"cookies","status":"publish","type":"page","link":"https:\/\/equipes-notre-dame.com\/es\/cookies\/","title":{"rendered":"Cookies"},"content":{"rendered":"<h1>Pol\u00edtica de cookies de Equipes Notre-Dame<\/h1>\n<p>Esta es la pol\u00edtica de cookies de Equipes Notre-Dame, accesible desde https:\/\/equipes-notre-dame.com<\/p>\n<p><strong>\u00bfQu\u00e9 son las cookies?<\/strong><\/p>\n<p>Como es pr\u00e1ctica com\u00fan en casi todos los sitios web profesionales, este sitio utiliza cookies, que son peque\u00f1os archivos que se descargan en su ordenador, para mejorar su experiencia. Esta p\u00e1gina describe la informaci\u00f3n que recogen, c\u00f3mo la usamos y por qu\u00e9 a veces necesitamos almacenar estas cookies. Tambi\u00e9n compartiremos c\u00f3mo puede evitar que estas cookies se almacenen, sin embargo, esto puede reducir o \u00abromper\u00bb ciertos elementos de la funcionalidad del sitio.<\/p>\n<p>Para obtener m\u00e1s informaci\u00f3n general sobre las cookies, consulte el art\u00edculo de Wikipedia sobre las cookies HTTP.<\/p>\n<p><strong>C\u00f3mo usamos las cookies<\/strong><\/p>\n<p>Utilizamos cookies por una variedad de razones que se detallan a continuaci\u00f3n. Desafortunadamente, en la mayor\u00eda de los casos no hay opciones est\u00e1ndar de la industria para desactivar las cookies sin desactivar completamente la funcionalidad y las caracter\u00edsticas que agregan a este sitio. Se recomienda dejar todas las cookies si no est\u00e1 seguro de si las necesita o no en caso de que se utilicen para proporcionar un servicio que usted utilice.<\/p>\n<p><strong>Desactivaci\u00f3n de las cookies<\/strong><\/p>\n<p>Puede evitar la instalaci\u00f3n de cookies ajustando la configuraci\u00f3n de su navegador (consulte la ayuda de su navegador para saber c\u00f3mo hacerlo). Tenga en cuenta que la desactivaci\u00f3n de las cookies afectar\u00e1 a la funcionalidad de \u00e9ste y de muchos otros sitios web que visite. La desactivaci\u00f3n de las cookies suele tener como consecuencia la desactivaci\u00f3n de ciertas funciones y caracter\u00edsticas de este sitio. Por lo tanto, se recomienda no desactivar las cookies.<\/p>\n<p><strong>Las cookies que establecemos<\/strong><\/p>\n<p>Cookies relacionadas con los boletines de noticias por correo electr\u00f3nico<\/p>\n<p>Este sitio ofrece servicios de suscripci\u00f3n a boletines de noticias o correos electr\u00f3nicos y las cookies pueden ser utilizadas para recordar si ya est\u00e1 registrado y si mostrar ciertas notificaciones que podr\u00edan ser v\u00e1lidas s\u00f3lo para usuarios suscritos\/desuscritos.<\/p>\n<p><strong>Cookies relacionadas con encuestas<\/strong><\/p>\n<p>De vez en cuando ofrecemos encuestas y cuestionarios a los usuarios para proporcionarle informaci\u00f3n interesante, herramientas \u00fatiles o para comprender nuestra base de usuarios con mayor precisi\u00f3n. Estas encuestas pueden utilizar cookies para recordar qui\u00e9n ha participado en una encuesta o para proporcionarle resultados precisos despu\u00e9s de cambiar de p\u00e1gina.<\/p>\n<p><strong>Cookies relacionadas con formularios<\/strong><\/p>\n<p>Cuando usted env\u00eda datos a trav\u00e9s de un formulario como los que se encuentran en las p\u00e1ginas de contacto o en los formularios de comentarios, las cookies pueden ser configuradas para recordar sus datos de usuario para correspondencia futura.<\/p>\n<p><strong>Cookies de terceros<\/strong><\/p>\n<p>En algunos casos especiales tambi\u00e9n utilizamos cookies proporcionadas por terceros de confianza. En la siguiente secci\u00f3n se detallan las cookies de terceros que puede encontrar a trav\u00e9s de este sitio.<\/p>\n<p>Este sitio utiliza Google Analytics, que es una de las soluciones anal\u00edticas m\u00e1s extendidas y fiables de la web, para ayudarnos a entender c\u00f3mo utiliza el sitio y c\u00f3mo podemos mejorar su experiencia. Estas cookies pueden hacer un seguimiento de aspectos como el tiempo que pasa en el sitio y las p\u00e1ginas que visita para que podamos seguir produciendo contenido atractivo.<\/p>\n<p>Para obtener m\u00e1s informaci\u00f3n sobre las cookies de Google Analytics, consulte la p\u00e1gina oficial de Google Analytics.<\/p>\n<p>Los an\u00e1lisis de terceros se utilizan para realizar un seguimiento y medir el uso de este sitio, de modo que podamos seguir produciendo contenido atractivo. Estas cookies pueden realizar un seguimiento de aspectos como el tiempo que pasa en el sitio o en las p\u00e1ginas que visita, lo que nos ayuda a comprender c\u00f3mo podemos mejorar el sitio para usted.<\/p>\n<p>De vez en cuando probamos nuevas caracter\u00edsticas y hacemos cambios sutiles en la forma en que el sitio es entregado. Cuando todav\u00eda estamos probando nuevas caracter\u00edsticas, estas cookies pueden ser utilizadas para asegurar que usted reciba una experiencia consistente mientras est\u00e1 en el sitio, al mismo tiempo que nos aseguramos de que entendemos cu\u00e1les son las optimizaciones que nuestros usuarios m\u00e1s aprecian.<\/p>\n<p>Tambi\u00e9n utilizamos botones y\/o plugins de medios sociales en este sitio que le permiten conectarse con su red social de varias maneras. Para que estos funcionen, los siguientes sitios de medios sociales, incluyendo;<\/p>\n<p>https:\/\/www.facebook.com\/equipesnotredameinternational<\/p>\n<p>https:\/\/www.instagram.com\/equipes_notre_dame\/<\/p>\n<p>https:\/\/www.youtube.com\/@ericommunication771<\/p>\n<p>, establecer\u00e1n cookies a trav\u00e9s de nuestro sitio que pueden ser utilizadas para mejorar su perfil en su sitio o contribuir a los datos que poseen para varios prop\u00f3sitos descritos en sus respectivas pol\u00edticas de privacidad.<\/p>\n<p><strong>M\u00e1s informaci\u00f3n<\/strong><\/p>\n<p>Esperamos que esto le haya aclarado las cosas y, como se mencion\u00f3 anteriormente, si hay algo que no est\u00e1 seguro de si lo necesita o no, normalmente es m\u00e1s seguro dejar las cookies activadas en caso de que interact\u00faen con alguna de las caracter\u00edsticas que utiliza en nuestro sitio. Esta Pol\u00edtica de Cookies fue creada con la ayuda del Generador de Plantillas de Pol\u00edtica de Cookies y la Plantilla de T\u00e9rminos y Condiciones.<\/p>\n<p>Sin embargo, si todav\u00eda est\u00e1 buscando m\u00e1s informaci\u00f3n, puede ponerse en contacto con nosotros a trav\u00e9s de uno de nuestros m\u00e9todos de contacto preferidos:<\/p>\n<p>Correo electr\u00f3nico: webmaster@equipes-notre-dame.com<\/p>\n","protected":false},"excerpt":{"rendered":"<p>Pol\u00edtica de cookies de Equipes Notre-Dame Esta es la pol\u00edtica de cookies de Equipes Notre-Dame, accesible desde https:\/\/equipes-notre-dame.com \u00bfQu\u00e9 son las cookies? Como es pr\u00e1ctica com\u00fan en casi todos los sitios web profesionales, este sitio utiliza cookies, que son peque\u00f1os archivos que se descargan en su ordenador, para mejorar su [&hellip;]<\/p>\n","protected":false},"author":2,"featured_media":0,"parent":0,"menu_order":0,"comment_status":"closed","ping_status":"closed","template":"","meta":{"footnotes":"","_links_to":"","_links_to_target":""},"translation":{"provider":"WPGlobus","version":"2.12.2","language":"es","enabled_languages":["fr","pt","es","it","en"],"languages":{"fr":{"title":true,"content":true,"excerpt":false},"pt":{"title":true,"content":true,"excerpt":false},"es":{"title":true,"content":true,"excerpt":false},"it":{"title":true,"content":true,"excerpt":false},"en":{"title":false,"content":true,"excerpt":false}}},"_links":{"self":[{"href":"https:\/\/equipes-notre-dame.com\/es\/wp-json\/wp\/v2\/pages\/1811"}],"collection":[{"href":"https:\/\/equipes-notre-dame.com\/es\/wp-json\/wp\/v2\/pages"}],"about":[{"href":"https:\/\/equipes-notre-dame.com\/es\/wp-json\/wp\/v2\/types\/page"}],"author":[{"embeddable":true,"href":"https:\/\/equipes-notre-dame.com\/es\/wp-json\/wp\/v2\/users\/2"}],"replies":[{"embeddable":true,"href":"https:\/\/equipes-notre-dame.com\/es\/wp-json\/wp\/v2\/comments?post=1811"}],"version-history":[{"count":7,"href":"https:\/\/equipes-notre-dame.com\/es\/wp-json\/wp\/v2\/pages\/1811\/revisions"}],"predecessor-version":[{"id":5179,"href":"https:\/\/equipes-notre-dame.com\/es\/wp-json\/wp\/v2\/pages\/1811\/revisions\/5179"}],"wp:attachment":[{"href":"https:\/\/equipes-notre-dame.com\/es\/wp-json\/wp\/v2\/media?parent=1811"}],"curies":[{"name":"wp","href":"https:\/\/api.w.org\/{rel}","templated":true}]}}