{"id":1805,"date":"2019-08-26T13:56:19","date_gmt":"2019-08-26T13:56:19","guid":{"rendered":"http:\/\/equipes.nelsoncardeira.com\/?page_id=1805"},"modified":"2019-12-26T14:50:12","modified_gmt":"2019-12-26T14:50:12","slug":"termes-et-conditions","status":"publish","type":"page","link":"https:\/\/equipes-notre-dame.com\/it\/termini-e-condizioni\/","title":{"rendered":"Termini e condizioni"},"content":{"rendered":"<h2>Termini e condizioni<\/h2>\n<p><strong>Benvenuti a Equipes Notre-Dame!<\/strong><\/p>\n<p>I presenti termini e condizioni descrivono le norme e i regolamenti per l&#8217;utilizzo del sito web di Equipes Notre-Dame, che si trova all&#8217;indirizzo https:\/\/equipes-notre-dame.com.<\/p>\n<p>Accedendo a questo sito web, si presuppone che l&#8217;utente accetti i presenti termini e condizioni. Non continuare ad utilizzare Equipes Notre-Dame se non si accetta di prendere tutti i termini e le condizioni indicate in questa pagina. I nostri Termini e Condizioni sono stati creati con l&#8217;aiuto del Generatore di Termini e Condizioni.<\/p>\n<p>La seguente terminologia si applica a questi Termini e Condizioni, all&#8217;Informativa sulla Privacy e all&#8217;Avviso di esclusione di responsabilit\u00e0 e a tutti gli Accordi: &#8220;Cliente&#8221;, &#8220;Voi&#8221; e &#8220;Vostro&#8221; si riferisce a voi, la persona che accede a questo sito web e che rispetta i termini e le condizioni della Societ\u00e0. I termini &#8220;La Societ\u00e0&#8221;, &#8220;Noi&#8221;, &#8220;Nostro&#8221;, &#8220;Nostro&#8221; e &#8220;Noi&#8221; si riferiscono alla nostra Societ\u00e0. &#8220;Parte&#8221;, &#8220;Parti&#8221;, &#8220;Parti&#8221;, o &#8220;Noi&#8221;, si riferisce sia al Cliente che a noi stessi. Tutti i termini si riferiscono all&#8217;offerta, all&#8217;accettazione e al corrispettivo del pagamento necessario per intraprendere il processo di assistenza al Cliente nel modo pi\u00f9 appropriato al fine esplicito di soddisfare le esigenze del Cliente in relazione alla fornitura dei servizi dichiarati dalla Societ\u00e0, in conformit\u00e0 con le leggi vigenti nei Paesi Bassi. Qualsiasi uso della terminologia di cui sopra o di altre parole al singolare, al plurale, alla capitalizzazione e\/o lui\/lei o loro, sono considerati come intercambiabili e quindi come riferibili allo stesso.<\/p>\n<p><strong>Cookie<\/strong><\/p>\n<p>Utilizziamo l&#8217;uso di cookie. Accedendo a Equipes Notre-Dame, l&#8217;utente accetta di utilizzare i cookie in accordo con l&#8217;Informativa sulla privacy di Equipes Notre-Dame.<\/p>\n<p>La maggior parte dei siti web interattivi utilizza i cookie per consentirci di recuperare i dati dell&#8217;utente per ogni visita. I cookie vengono utilizzati dal nostro sito web per consentire la funzionalit\u00e0 di alcune aree per facilitare le persone che visitano il nostro sito. Anche alcuni dei nostri partner affiliati\/pubblicitari possono utilizzare i cookie.<\/p>\n<p><strong>Licenza<\/strong><\/p>\n<p>Se non diversamente specificato, Equipes Notre-Dame e\/o i suoi licenziatari sono titolari dei diritti di propriet\u00e0 intellettuale per tutto il materiale di Equipes Notre-Dame. Tutti i diritti di propriet\u00e0 intellettuale sono riservati. \u00c8 possibile accedere a questo da Equipes Notre-Dame per uso personale soggetto alle restrizioni stabilite in questi termini e condizioni.<\/p>\n<p><strong>Non \u00e8 necessario:<\/strong><\/p>\n<p>Ripubblicare il materiale di Equipes Notre-Dame<br \/>\nVendere, affittare o sub-licenziare materiale da Equipes Notre-Dame<br \/>\nRiprodurre, duplicare o copiare materiale da Equipes Notre-Dame<br \/>\nRidistribuire i contenuti da Equipes Notre-Dame<\/p>\n<p><strong>Il presente accordo inizia a decorrere dalla data del presente accordo.<\/strong><\/p>\n<p>Alcune parti di questo sito web offrono agli utenti l&#8217;opportunit\u00e0 di pubblicare e scambiare opinioni e informazioni in alcune aree del sito. Equipes Notre-Dame non filtra, modifica, pubblica o rivede i commenti prima della loro presenza sul sito web. I commenti non riflettono i punti di vista e le opinioni di Equipes Notre-Dame, dei suoi agenti e\/o affiliati. I commenti riflettono i punti di vista e le opinioni della persona che pubblica i propri punti di vista e le proprie opinioni. Nella misura consentita dalle leggi applicabili, Equipes Notre-Dame non sar\u00e0 responsabile per i Commenti o per qualsiasi responsabilit\u00e0, danno o spesa causata e\/o subita in conseguenza di qualsiasi uso e\/o pubblicazione e\/o apparizione dei Commenti su questo sito web.<\/p>\n<p>Equipes Notre-Dame si riserva il diritto di monitorare tutti i Commenti e di rimuovere qualsiasi Commento che possa essere considerato inappropriato, offensivo o che causi la violazione di questi Termini e Condizioni.<\/p>\n<p><strong>L&#8217;utente garantisce e dichiara che:<\/strong><\/p>\n<p>Hai il diritto di pubblicare i Commenti sul nostro sito web e hai tutte le licenze e i consensi necessari per farlo;<br \/>\nI Commenti non invadono alcun diritto di propriet\u00e0 intellettuale, inclusi, senza limitazioni, diritti d&#8217;autore, brevetti o marchi di terzi;<br \/>\nI Commenti non contengono alcun materiale diffamatorio, calunnioso, offensivo, indecente o comunque illegale che sia un&#8217;invasione della privacy<br \/>\nI Commenti non saranno utilizzati per sollecitare o promuovere attivit\u00e0 commerciali o consuetudinarie o presentare attivit\u00e0 commerciali o attivit\u00e0 illegali.<\/p>\n<p>Con la presente concedete a Equipes Notre-Dame una licenza non esclusiva per utilizzare, riprodurre, modificare e autorizzare altri ad utilizzare, riprodurre e modificare qualsiasi vostro Commento in qualsiasi forma, formato o media.<\/p>\n<p><strong>Collegamento ipertestuale al nostro Contenuto<\/strong><\/p>\n<p>Le seguenti organizzazioni possono collegarsi al nostro sito web senza previa approvazione scritta:<\/p>\n<p>Agenzie governative;<br \/>\nMotori di ricerca;<br \/>\nOrganizzazioni di notizie;<br \/>\nI distributori di elenchi online possono collegarsi al nostro sito web nello stesso modo in cui collegano i siti web di altre aziende elencate; e<br \/>\nLe aziende accreditate a livello di sistema, ad eccezione delle organizzazioni non-profit, dei centri commerciali di beneficenza e dei gruppi di raccolta fondi che non possono collegarsi al nostro sito web tramite un collegamento ipertestuale.<\/p>\n<p>Queste organizzazioni possono collegarsi alla nostra home page, alle pubblicazioni o ad altre informazioni del sito web, a condizione che il link sia presente: (a) non sia in alcun modo ingannevole; (b) non implichi falsamente la sponsorizzazione, l&#8217;approvazione o l&#8217;approvazione della parte che effettua il collegamento e dei suoi prodotti e\/o servizi; e (c) si inserisca nel contesto del sito della parte che effettua il collegamento.<\/p>\n<p>Possiamo prendere in considerazione e approvare altre richieste di link da parte dei seguenti tipi di organizzazioni:<\/p>\n<p>fonti di informazioni commerciali e\/o di consumo comunemente note;<br \/>\nsiti della comunit\u00e0 di dot.com;<br \/>\nassociazioni o altri gruppi che rappresentano enti di beneficenza;<br \/>\ndistributori di elenchi on-line;<br \/>\nportali internet;<br \/>\nsociet\u00e0 di contabilit\u00e0, di legge e di consulenza; e<br \/>\nistituzioni educative e associazioni di categoria.<\/p>\n<p>Approveremo le richieste di link da queste organizzazioni se lo decidiamo: (a) il link non ci farebbe apparire sfavorevoli a noi stessi o alle nostre aziende accreditate; (b) l&#8217;organizzazione non ha alcuna registrazione negativa con noi; (c) il beneficio per noi dalla visibilit\u00e0 del collegamento ipertestuale compensa l&#8217;assenza di Equipes Notre-Dame; e (d) il link \u00e8 nel contesto delle informazioni generali sulle risorse.<\/p>\n<p>Queste organizzazioni possono collegarsi alla nostra home page, a condizione che il link sia presente: (a) non sia in alcun modo ingannevole; (b) non implichi falsamente la sponsorizzazione, l&#8217;approvazione o l&#8217;approvazione della parte che effettua il collegamento e dei suoi prodotti o servizi; e (c) si inserisca nel contesto del sito della parte che effettua il collegamento.<\/p>\n<p>Se siete una delle organizzazioni elencate al paragrafo 2 di cui sopra e siete interessati a collegarvi al nostro sito web, dovete informarci inviando una e-mail a Equipes Notre-Dame. Si prega di includere il vostro nome, il nome della vostra organizzazione, le informazioni di contatto, nonch\u00e9 l&#8217;URL del vostro sito, un elenco di eventuali URL da cui intendete collegarvi al nostro sito web, e un elenco degli URL del nostro sito a cui desiderate collegarvi. Attendere 2-3 settimane per una risposta.<\/p>\n<p>Le organizzazioni approvate possono collegarsi al nostro sito web come segue:<\/p>\n<p>Tramite l&#8217;uso del nostro nome aziendale; oppure<br \/>\nCon l&#8217;uso del localizzatore di risorse uniforme collegato a; o<br \/>\nL&#8217;uso di qualsiasi altra descrizione del nostro sito web a cui si \u00e8 collegati ha senso nel contesto e nel formato dei contenuti del sito del soggetto che effettua il collegamento.<\/p>\n<p>Non sar\u00e0 consentito l&#8217;uso del logo di Equipes Notre-Dame o di altre opere d&#8217;arte per il collegamento in assenza di un contratto di licenza di marchio.<\/p>\n<p><strong>iFrames<\/strong><\/p>\n<p>Senza previa approvazione e autorizzazione scritta, l&#8217;utente non pu\u00f2 creare cornici intorno alle nostre pagine web che alterino in alcun modo la presentazione visiva o l&#8217;aspetto del nostro sito web.<\/p>\n<p><strong>Responsabilit\u00e0 del contenuto<\/strong><\/p>\n<p>Non ci assumiamo alcuna responsabilit\u00e0 per i contenuti che appaiono sul vostro sito web. L&#8217;utente accetta di proteggerci e difenderci da tutti i reclami che sorgono sul suo sito web. Nessun link deve apparire su alcun sito web che possa essere interpretato come calunnioso, osceno o criminale, o che violi, violi in altro modo, o sostenga la violazione o altra violazione dei diritti di terzi.<\/p>\n<p><strong>La vostra privacy<\/strong><\/p>\n<p>Si prega di leggere l&#8217;informativa sulla privacy<\/p>\n<p><strong>Riserva di diritti<\/strong><\/p>\n<p>Ci riserviamo il diritto di richiedere la rimozione di tutti i link o di qualsiasi link particolare al nostro sito web. L&#8217;utente approva la rimozione immediata di tutti i link al nostro sito web su richiesta. Ci riserviamo inoltre il diritto di modificare i presenti termini e condizioni e la politica dei link in qualsiasi momento. Collegandosi continuamente al nostro sito web, l&#8217;utente accetta di essere vincolato e di seguire questi termini e condizioni di collegamento.<\/p>\n<p>Rimozione dei link dal nostro sito web<\/p>\n<p>Se trovate un qualsiasi link sul nostro sito web che sia offensivo per qualsiasi motivo, siete liberi di contattarci e di informarci in qualsiasi momento. Prenderemo in considerazione le richieste di rimuovere i link, ma non siamo obbligati a farlo o a rispondervi direttamente.<\/p>\n<p>Non assicuriamo che le informazioni contenute in questo sito web siano corrette, non ne garantiamo la completezza o l&#8217;accuratezza; n\u00e9 promettiamo di garantire che il sito web rimanga disponibile o che il materiale sul sito sia mantenuto aggiornato.<\/p>\n<p><strong>Disclaimer<\/strong><\/p>\n<p>Nella misura massima consentita dalla legge applicabile, escludiamo tutte le dichiarazioni, garanzie e condizioni relative al nostro sito web e all&#8217;uso di questo sito web. Nulla in questa clausola di esclusione di responsabilit\u00e0:<\/p>\n<ul>\n<li>limiter\u00e0 o escluder\u00e0 la nostra o la vostra responsabilit\u00e0 per morte o lesioni personali;<\/li>\n<li>limitare o escludere la nostra o la vostra responsabilit\u00e0 per frode o falsa dichiarazione fraudolenta;<\/li>\n<li>limitare qualsiasi nostra o vostra responsabilit\u00e0 in qualsiasi modo non consentito dalla legge applicabile;<\/li>\n<li>o escludere qualsiasi nostra o vostra responsabilit\u00e0 che non pu\u00f2 essere esclusa ai sensi della legge applicabile.<\/li>\n<\/ul>\n<p>Le limitazioni e i divieti di responsabilit\u00e0 stabiliti in questa Sezione e in altre parti della presente clausola di esclusione di responsabilit\u00e0: (a) sono soggetti al paragrafo precedente; e (b) regolano tutte le responsabilit\u00e0 derivanti dalla clausola di esclusione di responsabilit\u00e0, comprese le responsabilit\u00e0 derivanti dal contratto, da illecito civile e per violazione di obblighi di legge.<\/p>\n<p>Finch\u00e9 il sito web e le informazioni e i servizi sul sito web sono forniti gratuitamente, non saremo responsabili per qualsiasi perdita o danno di qualsiasi natura.<\/p>\n","protected":false},"excerpt":{"rendered":"<p>Termini e condizioni Benvenuti a Equipes Notre-Dame! I presenti termini e condizioni descrivono le norme e i regolamenti per l&#8217;utilizzo del sito web di Equipes Notre-Dame, che si trova all&#8217;indirizzo https:\/\/equipes-notre-dame.com. Accedendo a questo sito web, si presuppone che l&#8217;utente accetti i presenti termini e condizioni. Non continuare ad utilizzare [&hellip;]<\/p>\n","protected":false},"author":2,"featured_media":0,"parent":0,"menu_order":0,"comment_status":"closed","ping_status":"closed","template":"","meta":{"footnotes":"","_links_to":"","_links_to_target":""},"translation":{"provider":"WPGlobus","version":"2.12.2","language":"it","enabled_languages":["fr","pt","es","it","en"],"languages":{"fr":{"title":true,"content":true,"excerpt":false},"pt":{"title":true,"content":true,"excerpt":false},"es":{"title":true,"content":true,"excerpt":false},"it":{"title":true,"content":true,"excerpt":false},"en":{"title":true,"content":true,"excerpt":false}}},"_links":{"self":[{"href":"https:\/\/equipes-notre-dame.com\/it\/wp-json\/wp\/v2\/pages\/1805"}],"collection":[{"href":"https:\/\/equipes-notre-dame.com\/it\/wp-json\/wp\/v2\/pages"}],"about":[{"href":"https:\/\/equipes-notre-dame.com\/it\/wp-json\/wp\/v2\/types\/page"}],"author":[{"embeddable":true,"href":"https:\/\/equipes-notre-dame.com\/it\/wp-json\/wp\/v2\/users\/2"}],"replies":[{"embeddable":true,"href":"https:\/\/equipes-notre-dame.com\/it\/wp-json\/wp\/v2\/comments?post=1805"}],"version-history":[{"count":4,"href":"https:\/\/equipes-notre-dame.com\/it\/wp-json\/wp\/v2\/pages\/1805\/revisions"}],"predecessor-version":[{"id":3115,"href":"https:\/\/equipes-notre-dame.com\/it\/wp-json\/wp\/v2\/pages\/1805\/revisions\/3115"}],"wp:attachment":[{"href":"https:\/\/equipes-notre-dame.com\/it\/wp-json\/wp\/v2\/media?parent=1805"}],"curies":[{"name":"wp","href":"https:\/\/api.w.org\/{rel}","templated":true}]}}