{"id":1811,"date":"2019-08-26T14:02:02","date_gmt":"2019-08-26T14:02:02","guid":{"rendered":"http:\/\/equipes.nelsoncardeira.com\/?page_id=1811"},"modified":"2025-10-20T11:41:24","modified_gmt":"2025-10-20T11:41:24","slug":"cookies","status":"publish","type":"page","link":"https:\/\/equipes-notre-dame.com\/it\/cookies\/","title":{"rendered":"Cookies"},"content":{"rendered":"<h1>Politica dei cookie per le apparecchiature Notre-Dame<\/h1>\n<p>Questa \u00e8 la politica dei cookie per le apparecchiature Notre-Dame, accessibile da https:\/\/equipes-notre-dame.com<\/p>\n<p><strong>Cosa sono i cookie<\/strong><\/p>\n<p>Come \u00e8 prassi comune in quasi tutti i siti web professionali, questo sito utilizza i cookie, che sono piccoli file che vengono scaricati sul vostro computer, per migliorare la vostra esperienza. Questa pagina descrive quali informazioni raccolgono, come le utilizziamo e perch\u00e9 a volte abbiamo bisogno di memorizzare questi cookie. Condivideremo anche il modo in cui \u00e8 possibile evitare che questi cookie vengano memorizzati, tuttavia ci\u00f2 potrebbe ridurre o &#8220;rompere&#8221; alcuni elementi della funzionalit\u00e0 dei siti.<\/p>\n<p>Per ulteriori informazioni generali sui cookie, consultare l&#8217;articolo di Wikipedia sui cookie HTTP.<\/p>\n<p><strong>Come utilizziamo i cookie<\/strong><\/p>\n<p>Utilizziamo i cookie per una serie di motivi descritti di seguito. Purtroppo nella maggior parte dei casi non esistono opzioni standard del settore per disabilitare i cookie senza disabilitare completamente le funzionalit\u00e0 e le caratteristiche che essi aggiungono a questo sito. Si consiglia di lasciare su tutti i cookie se non si \u00e8 sicuri di averne bisogno o meno nel caso in cui vengano utilizzati per fornire un servizio che si utilizza.<\/p>\n<p><strong>Disattivazione dei cookie<\/strong><\/p>\n<p>Potete impedire l&#8217;impostazione dei cookie regolando le impostazioni del vostro browser (per sapere come fare, consultate la Guida del vostro browser). Siate consapevoli del fatto che la disabilitazione dei cookie influisce sulla funzionalit\u00e0 di questo e di molti altri siti web che visitate. La disabilitazione dei cookie comporta di solito anche la disabilitazione di alcune funzionalit\u00e0 e caratteristiche di questo sito. Si raccomanda pertanto di non disabilitare i cookie.<\/p>\n<p><strong>I cookie che impostiamo<\/strong><\/p>\n<p>Cookies relativi alle newsletter via e-mail<\/p>\n<p>Questo sito offre servizi di newsletter o di iscrizione alla newsletter e i cookie possono essere utilizzati per ricordare se sei gi\u00e0 registrato e se mostrare alcune notifiche che potrebbero essere valide solo per gli utenti iscritti\/non iscritti.<\/p>\n<p><strong>Cookies relativi ai sondaggi<\/strong><\/p>\n<p>Di tanto in tanto offriamo sondaggi e questionari per gli utenti per fornirvi informazioni interessanti, strumenti utili o per comprendere meglio la nostra base di utenti. Questi sondaggi possono utilizzare i cookie per ricordare chi ha gi\u00e0 partecipato a un sondaggio o per fornire risultati accurati dopo aver cambiato pagina.<\/p>\n<p><strong>Cookie relativi ai moduli<\/strong><\/p>\n<p>Quando si inviano dati attraverso un modulo come quelli che si trovano nelle pagine dei contatti o nei moduli di commento, i cookie possono essere impostati in modo da ricordare i dati dell&#8217;utente per la futura corrispondenza.<\/p>\n<p><strong>Cookie di terze parti<\/strong><\/p>\n<p>In alcuni casi particolari utilizziamo anche cookie forniti da terzi di fiducia. Nella seguente sezione sono indicati i cookie di terze parti che potreste incontrare attraverso questo sito.<\/p>\n<p>Questo sito utilizza Google Analytics che \u00e8 una delle soluzioni di analisi pi\u00f9 diffuse e affidabili sul web per aiutarci a capire come utilizzate il sito e come possiamo migliorare la vostra esperienza. Questi cookie possono tenere traccia di cose come il tempo che trascorrete sul sito e le pagine che visitate, in modo da poter continuare a produrre contenuti coinvolgenti.<\/p>\n<p>Per ulteriori informazioni sui cookie di Google Analytics, consultare la pagina ufficiale di Google Analytics.<\/p>\n<p>Le analisi di terze parti vengono utilizzate per monitorare e misurare l&#8217;utilizzo di questo sito in modo da poter continuare a produrre contenuti coinvolgenti. Questi cookie possono tenere traccia di cose come il tempo trascorso sul sito o sulle pagine visitate, il che ci aiuta a capire come possiamo migliorare il sito per voi.<\/p>\n<p>Di tanto in tanto testiamo nuove funzionalit\u00e0 e apportiamo sottili modifiche al modo in cui il sito viene consegnato. Quando stiamo ancora testando nuove funzionalit\u00e0, questi cookie possono essere utilizzati per garantire che l&#8217;utente riceva un&#8217;esperienza coerente durante la navigazione sul sito, assicurandoci al contempo di capire quali ottimizzazioni i nostri utenti apprezzano di pi\u00f9.<\/p>\n<p>Su questo sito utilizziamo anche i pulsanti e\/o i plugin dei social media che consentono di connettersi al vostro social network in vari modi. Affinch\u00e9 questi funzionino, i seguenti siti di social media, tra cui;<\/p>\n<p>https:\/\/www.facebook.com\/equipesnotredameinternational<\/p>\n<p>https:\/\/www.instagram.com\/equipes_notre_dame\/<\/p>\n<p>https:\/\/www.youtube.com\/@ericommunication771<\/p>\n<p>, imposteranno i cookie attraverso il nostro sito che possono essere utilizzati per migliorare il vostro profilo sul loro sito o contribuire ai dati in loro possesso per vari scopi delineati nelle loro rispettive politiche sulla privacy.<\/p>\n<p>Ulteriori informazioni<\/p>\n<p>Speriamo che questo abbia chiarito le cose per voi e, come \u00e8 stato detto in precedenza, se c&#8217;\u00e8 qualcosa di cui non siete sicuri se avete bisogno o meno, di solito \u00e8 pi\u00f9 sicuro lasciare i cookie abilitati nel caso in cui interagiscano con una delle funzioni che utilizzate sul nostro sito. La presente Politica dei cookie \u00e8 stata creata con l&#8217;aiuto del Generatore di modelli della Politica dei cookie e del Modello di Condizioni Generali di Utilizzo.<\/p>\n<p>Tuttavia, se siete ancora alla ricerca di ulteriori informazioni, potete contattarci attraverso uno dei nostri metodi di contatto preferiti:<\/p>\n<p>Email: webmaster@equipes-notre-dame.com<\/p>\n","protected":false},"excerpt":{"rendered":"<p>Politica dei cookie per le apparecchiature Notre-Dame Questa \u00e8 la politica dei cookie per le apparecchiature Notre-Dame, accessibile da https:\/\/equipes-notre-dame.com Cosa sono i cookie Come \u00e8 prassi comune in quasi tutti i siti web professionali, questo sito utilizza i cookie, che sono piccoli file che vengono scaricati sul vostro computer, [&hellip;]<\/p>\n","protected":false},"author":2,"featured_media":0,"parent":0,"menu_order":0,"comment_status":"closed","ping_status":"closed","template":"","meta":{"footnotes":"","_links_to":"","_links_to_target":""},"translation":{"provider":"WPGlobus","version":"2.12.2","language":"it","enabled_languages":["fr","pt","es","it","en"],"languages":{"fr":{"title":true,"content":true,"excerpt":false},"pt":{"title":true,"content":true,"excerpt":false},"es":{"title":true,"content":true,"excerpt":false},"it":{"title":true,"content":true,"excerpt":false},"en":{"title":false,"content":true,"excerpt":false}}},"_links":{"self":[{"href":"https:\/\/equipes-notre-dame.com\/it\/wp-json\/wp\/v2\/pages\/1811"}],"collection":[{"href":"https:\/\/equipes-notre-dame.com\/it\/wp-json\/wp\/v2\/pages"}],"about":[{"href":"https:\/\/equipes-notre-dame.com\/it\/wp-json\/wp\/v2\/types\/page"}],"author":[{"embeddable":true,"href":"https:\/\/equipes-notre-dame.com\/it\/wp-json\/wp\/v2\/users\/2"}],"replies":[{"embeddable":true,"href":"https:\/\/equipes-notre-dame.com\/it\/wp-json\/wp\/v2\/comments?post=1811"}],"version-history":[{"count":7,"href":"https:\/\/equipes-notre-dame.com\/it\/wp-json\/wp\/v2\/pages\/1811\/revisions"}],"predecessor-version":[{"id":5179,"href":"https:\/\/equipes-notre-dame.com\/it\/wp-json\/wp\/v2\/pages\/1811\/revisions\/5179"}],"wp:attachment":[{"href":"https:\/\/equipes-notre-dame.com\/it\/wp-json\/wp\/v2\/media?parent=1811"}],"curies":[{"name":"wp","href":"https:\/\/api.w.org\/{rel}","templated":true}]}}