{"id":1805,"date":"2019-08-26T13:56:19","date_gmt":"2019-08-26T13:56:19","guid":{"rendered":"http:\/\/equipes.nelsoncardeira.com\/?page_id=1805"},"modified":"2019-12-26T14:50:12","modified_gmt":"2019-12-26T14:50:12","slug":"termes-et-conditions","status":"publish","type":"page","link":"https:\/\/equipes-notre-dame.com\/pt\/termos-e-condicoes\/","title":{"rendered":"Termos e Condi\u00e7\u00f5es"},"content":{"rendered":"<h2>Termos e Condi\u00e7\u00f5es<\/h2>\n<p><strong>Bem-vindo ao Equipes Notre-Dame!<\/strong><\/p>\n<p>Estes termos e condi\u00e7\u00f5es descrevem as regras e regulamentos para o uso do website da Equipes Notre-Dame, localizado em https:\/\/equipes-notre-dame.com.<\/p>\n<p>Ao acessar este site, assumimos que voc\u00ea aceita estes termos e condi\u00e7\u00f5es. N\u00e3o continue a utilizar Equipes Notre-Dame se voc\u00ea n\u00e3o concordar em aceitar todos os termos e condi\u00e7\u00f5es indicados nesta p\u00e1gina. Os nossos Termos e Condi\u00e7\u00f5es foram criados com a ajuda do Gerador de Termos e Condi\u00e7\u00f5es.<\/p>\n<p>A seguinte terminologia aplica-se a estes Termos e Condi\u00e7\u00f5es, Declara\u00e7\u00e3o de Privacidade e Aviso de Isen\u00e7\u00e3o de Responsabilidade e a todos os Acordos: &#8220;Cliente&#8221;, &#8220;Voc\u00ea&#8221; e &#8220;Seu&#8221; refere-se a voc\u00ea, a pessoa que faz login neste site e est\u00e1 em conformidade com os termos e condi\u00e7\u00f5es da Empresa. &#8220;A Empresa&#8221;, &#8220;N\u00f3s pr\u00f3prios&#8221;, &#8220;N\u00f3s&#8221;, &#8220;Nosso&#8221; e &#8220;N\u00f3s&#8221;, refere-se \u00e0 nossa Empresa. &#8220;Parte&#8221;, &#8220;Partes&#8221;, ou &#8220;N\u00f3s&#8221;, refere-se tanto ao Cliente como a n\u00f3s mesmos. Todos os termos referem-se \u00e0 oferta, aceita\u00e7\u00e3o e considera\u00e7\u00e3o do pagamento necess\u00e1rio para empreender o processo de nossa assist\u00eancia ao Cliente da maneira mais apropriada para o prop\u00f3sito expresso de satisfazer as necessidades do Cliente com respeito \u00e0 presta\u00e7\u00e3o dos servi\u00e7os declarados da Companhia, de acordo com e sujeito \u00e0 lei vigente na Holanda. Qualquer uso da terminologia acima ou outras palavras no singular, plural, capitaliza\u00e7\u00e3o e\/ou ele\/ela ou eles, s\u00e3o tomados como intercambi\u00e1veis e, portanto, como referindo-se ao mesmo.<\/p>\n<p><strong>Cookies<\/strong><\/p>\n<p>N\u00f3s empregamos o uso de cookies. Ao acessar Equipes Notre-Dame, voc\u00ea concordou em utilizar cookies de acordo com a Pol\u00edtica de Privacidade da Equipes Notre-Dame.<\/p>\n<p>A maioria dos sites interativos usa cookies para nos permitir recuperar os detalhes do usu\u00e1rio para cada visita. Os cookies s\u00e3o utilizados pelo nosso website para permitir a funcionalidade de certas \u00e1reas para facilitar a visita das pessoas que visitam o nosso website. Alguns dos nossos afiliados\/parceiros publicit\u00e1rios tamb\u00e9m podem utilizar cookies.<\/p>\n<p><strong>Licen\u00e7a<\/strong><\/p>\n<p>Salvo indica\u00e7\u00e3o em contr\u00e1rio, as Equipes Notre-Dame e\/ou seus licenciadores possuem os direitos de propriedade intelectual de todo o material das Equipes Notre-Dame. Todos os direitos de propriedade intelectual s\u00e3o reservados. Voc\u00ea pode acess\u00e1-los da Equipes Notre-Dame para seu uso pessoal, sujeito \u00e0s restri\u00e7\u00f5es estabelecidas nestes termos e condi\u00e7\u00f5es.<\/p>\n<p><strong>Voc\u00ea n\u00e3o deve:<\/strong><\/p>\n<p>Publicar novamente o material da Equipes Notre-Dame.<br \/>\nVenda, aluguer ou sub-licenciamento de material das Equipes Notre-Dame<br \/>\nReproduzir, duplicar ou copiar material das Equipes Notre-Dame<br \/>\nRedistribuir conte\u00fado de Equipes Notre-Dame<\/p>\n<p><strong>O presente Acordo ter\u00e1 in\u00edcio na data do mesmo.<\/strong><\/p>\n<p>Partes deste website oferecem aos usu\u00e1rios a oportunidade de postar e trocar opini\u00f5es e informa\u00e7\u00f5es em certas \u00e1reas do website. Equipes Notre-Dame n\u00e3o filtra, edita, publica ou revisa Coment\u00e1rios antes de sua presen\u00e7a no site. Os coment\u00e1rios n\u00e3o reflectem os pontos de vista e opini\u00f5es da Equipes Notre-Dame, seus agentes e\/ou afiliados. Os coment\u00e1rios refletem os pontos de vista e opini\u00f5es da pessoa que publica seus pontos de vista e opini\u00f5es. Na medida do permitido pela legisla\u00e7\u00e3o aplic\u00e1vel, a Equipes Notre-Dame n\u00e3o ser\u00e1 respons\u00e1vel pelos Coment\u00e1rios ou por qualquer responsabilidade, danos ou despesas causadas e\/ou sofridas como resultado de qualquer uso e\/ou publica\u00e7\u00e3o e\/ou aparecimento dos Coment\u00e1rios neste website.<\/p>\n<p>A Equipes Notre-Dame se reserva o direito de monitorar todos os Coment\u00e1rios e remover quaisquer Coment\u00e1rios que possam ser considerados inadequados, ofensivos ou que causem viola\u00e7\u00e3o destes Termos e Condi\u00e7\u00f5es.<\/p>\n<p><strong>Voc\u00ea garante e representa isso:<\/strong><\/p>\n<p>Voc\u00ea tem o direito de publicar os Coment\u00e1rios no nosso website e tem todas as licen\u00e7as e consentimentos necess\u00e1rios para o fazer;<br \/>\nOs Coment\u00e1rios n\u00e3o invadem qualquer direito de propriedade intelectual, incluindo, sem limita\u00e7\u00e3o, direitos autorais, patentes ou marcas comerciais de terceiros;<br \/>\nOs Coment\u00e1rios n\u00e3o cont\u00eam qualquer material difamat\u00f3rio, calunioso, ofensivo, indecente ou de outra forma ilegal que seja uma invas\u00e3o de privacidade<br \/>\nOs Coment\u00e1rios n\u00e3o ser\u00e3o utilizados para solicitar ou promover neg\u00f3cios ou costume ou apresentar atividades comerciais ou atividades ilegais.<\/p>\n<p>Voc\u00ea concede \u00e0s Equipes Notre-Dame uma licen\u00e7a n\u00e3o exclusiva para usar, reproduzir, editar e autorizar outros a usar, reproduzir e editar qualquer um de seus Coment\u00e1rios em qualquer e todas as formas, formatos ou m\u00eddias.<\/p>\n<p><strong>Hiperliga\u00e7\u00e3o ao nosso Conte\u00fado<\/strong><\/p>\n<p>As seguintes organiza\u00e7\u00f5es podem criar links para o nosso site sem aprova\u00e7\u00e3o pr\u00e9via por escrito:<\/p>\n<p>Ag\u00eancias governamentais;<br \/>\nMotores de busca;<br \/>\nOrganiza\u00e7\u00f5es de not\u00edcias;<br \/>\nOs distribuidores de direct\u00f3rios online podem fazer um link para o nosso Website da mesma forma que fazem um hiperlink para os Websites de outras empresas listadas; e<br \/>\nEmpresas credenciadas em todo o sistema, exceto organiza\u00e7\u00f5es sem fins lucrativos, shopping centers e grupos de arrecada\u00e7\u00e3o de fundos de caridade que n\u00e3o podem fazer hiperlink para nosso site.<\/p>\n<p>Estas organiza\u00e7\u00f5es podem criar um link para a nossa p\u00e1gina inicial, para publica\u00e7\u00f5es ou para outras informa\u00e7\u00f5es do site, desde que o link seja o mesmo: (a) n\u00e3o seja de forma alguma enganosa; (b) n\u00e3o implique falsamente patroc\u00ednio, endosso ou aprova\u00e7\u00e3o da parte que faz o link e seus produtos e\/ou servi\u00e7os; e (c) se enquadre no contexto do site da parte que faz o link.<\/p>\n<p>N\u00f3s podemos considerar e aprovar outros pedidos de links dos seguintes tipos de organiza\u00e7\u00f5es:<\/p>\n<p>fontes de informa\u00e7\u00e3o de consumidores e\/ou empresas comumente conhecidas;<br \/>\nsites da comunidade dot.com;<br \/>\nassocia\u00e7\u00f5es ou outros grupos que representem institui\u00e7\u00f5es de caridade;<br \/>\ndistribuidores de direct\u00f3rios online;<br \/>\nportais de internet;<br \/>\nfirmas de contabilidade, direito e consultoria; e<br \/>\ninstitui\u00e7\u00f5es educacionais e associa\u00e7\u00f5es comerciais.<\/p>\n<p>Se assim o decidirmos, aprovaremos os pedidos de liga\u00e7\u00e3o destas organiza\u00e7\u00f5es: (a) o link n\u00e3o nos faria parecer desfavoravelmente a n\u00f3s mesmos ou aos nossos neg\u00f3cios acreditados; (b) a organiza\u00e7\u00e3o n\u00e3o tem nenhum registro negativo conosco; (c) o benef\u00edcio para n\u00f3s da visibilidade do hyperlink compensa a aus\u00eancia das Equipes Notre-Dame; e (d) o link est\u00e1 no contexto de informa\u00e7\u00f5es gerais de recursos.<\/p>\n<p>Estas organiza\u00e7\u00f5es podem criar um link para a nossa p\u00e1gina inicial, desde que o link: (a) n\u00e3o seja de forma alguma enganoso; (b) n\u00e3o implique falsamente patroc\u00ednio, endosso ou aprova\u00e7\u00e3o da parte que faz o link e seus produtos ou servi\u00e7os; e (c) se enquadre no contexto do site da parte que faz o link.<\/p>\n<p>Se voc\u00ea \u00e9 uma das organiza\u00e7\u00f5es listadas no par\u00e1grafo 2 acima e est\u00e1 interessado em se conectar ao nosso site, voc\u00ea deve nos informar enviando um e-mail para Equipes Notre-Dame. Por favor inclua seu nome, o nome de sua organiza\u00e7\u00e3o, informa\u00e7\u00f5es de contato, assim como a URL de seu site, uma lista de quaisquer URLs das quais voc\u00ea pretende fazer um link para nosso site, e uma lista das URLs em nosso site para as quais voc\u00ea gostaria de fazer um link. Aguarde de 2 a 3 semanas por uma resposta.<\/p>\n<p>As organiza\u00e7\u00f5es aprovadas podem fazer um hiperlink para o nosso site da seguinte forma:<\/p>\n<p>Pelo uso do nosso nome corporativo; ou<br \/>\nAtrav\u00e9s da utiliza\u00e7\u00e3o do localizador de recursos uniforme a que est\u00e1 ligado; ou<br \/>\nAo utilizar qualquer outra descri\u00e7\u00e3o do nosso Website que esteja ligada a isso faz sentido dentro do contexto e formato do conte\u00fado do site da parte que est\u00e1 ligada.<\/p>\n<p>N\u00e3o ser\u00e1 permitido o uso do logotipo da Equipes Notre-Dame ou outras obras de arte para a cria\u00e7\u00e3o de links, na aus\u00eancia de um contrato de licen\u00e7a de marca registrada.<\/p>\n<p><strong>iFrames<\/strong><\/p>\n<p>Sem aprova\u00e7\u00e3o pr\u00e9via e permiss\u00e3o por escrito, voc\u00ea n\u00e3o pode criar frames ao redor de nossas p\u00e1ginas da Web que alterem de forma alguma a apresenta\u00e7\u00e3o visual ou apar\u00eancia do nosso site.<\/p>\n<p>Responsabilidade pelo conte\u00fado<\/p>\n<p>N\u00e3o nos responsabilizaremos por qualquer conte\u00fado que apare\u00e7a no seu Website. Voc\u00ea concorda em proteger-nos e defender-nos contra todas as reivindica\u00e7\u00f5es que surjam no seu Website. Nenhum link(s) deve aparecer em qualquer Website que possa ser interpretado como calunioso, obsceno ou criminoso, ou que infrinja, de outra forma viole, ou defenda a infrac\u00e7\u00e3o ou outra viola\u00e7\u00e3o de quaisquer direitos de terceiros.<\/p>\n<p><strong>A sua privacidade<\/strong><\/p>\n<p>Por favor, leia a Pol\u00edtica de Privacidade<\/p>\n<p><strong>Reserva de Direitos<\/strong><\/p>\n<p>N\u00f3s nos reservamos o direito de solicitar que voc\u00ea remova todos os links ou qualquer link em particular para o nosso site. Voc\u00ea aprova a remo\u00e7\u00e3o imediata de todos os links para o nosso Website mediante solicita\u00e7\u00e3o. N\u00f3s tamb\u00e9m nos reservamos o direito de aceitar estes termos e condi\u00e7\u00f5es e \u00e9 pol\u00edtica de links a qualquer momento. Ao ligar continuamente ao nosso Website, voc\u00ea concorda em estar vinculado e seguir estes termos e condi\u00e7\u00f5es de liga\u00e7\u00e3o.<\/p>\n<p><strong>Remo\u00e7\u00e3o de links do nosso website<\/strong><\/p>\n<p>Se voc\u00ea encontrar qualquer link em nosso site que seja ofensivo por qualquer motivo, voc\u00ea est\u00e1 livre para entrar em contato e nos informar a qualquer momento. Consideraremos pedidos para remover links, mas n\u00e3o somos obrigados a faz\u00ea-lo ou a responder-lhe directamente.<\/p>\n<p>N\u00e3o garantimos que a informa\u00e7\u00e3o neste website esteja correcta, n\u00e3o garantimos a sua integridade ou exactid\u00e3o; nem garantimos que o website permane\u00e7a dispon\u00edvel ou que o material no website seja mantido actualizado.<\/p>\n<p><strong>Isen\u00e7\u00e3o de responsabilidade<\/strong><\/p>\n<p>Na medida m\u00e1xima permitida pela lei aplic\u00e1vel, exclu\u00edmos todas as representa\u00e7\u00f5es, garantias e condi\u00e7\u00f5es relacionadas com o nosso website e a utiliza\u00e7\u00e3o deste website. Nada nesta isen\u00e7\u00e3o de responsabilidade o far\u00e1:<\/p>\n<p>limitar\u00e1 ou excluir\u00e1 a nossa ou a sua responsabilidade por morte ou danos pessoais;<br \/>\nlimitar\u00e1 ou excluir\u00e1 a nossa ou a sua responsabilidade por fraude ou deturpa\u00e7\u00e3o fraudulenta;<br \/>\nlimitar\u00e1 qualquer responsabilidade nossa ou sua de qualquer forma que n\u00e3o seja permitida pela lei aplic\u00e1vel; ou<br \/>\nexcluir qualquer responsabilidade nossa ou sua que n\u00e3o possa ser exclu\u00edda nos termos da lei aplic\u00e1vel.<\/p>\n<p>As limita\u00e7\u00f5es e proibi\u00e7\u00f5es de responsabilidade estabelecidas nesta Se\u00e7\u00e3o e em outros pontos desta isen\u00e7\u00e3o de responsabilidade: (a) est\u00e3o sujeitas ao par\u00e1grafo anterior; e (b) regem todas as responsabilidades decorrentes da isen\u00e7\u00e3o de responsabilidade, incluindo responsabilidades decorrentes de contrato, delito civil e por viola\u00e7\u00e3o de deveres legais.<\/p>\n<p>Desde que o website e as informa\u00e7\u00f5es e servi\u00e7os no website sejam fornecidos gratuitamente, n\u00e3o seremos respons\u00e1veis por qualquer perda ou dano de qualquer natureza.<\/p>\n","protected":false},"excerpt":{"rendered":"<p>Termos e Condi\u00e7\u00f5es Bem-vindo ao Equipes Notre-Dame! Estes termos e condi\u00e7\u00f5es descrevem as regras e regulamentos para o uso do website da Equipes Notre-Dame, localizado em https:\/\/equipes-notre-dame.com. Ao acessar este site, assumimos que voc\u00ea aceita estes termos e condi\u00e7\u00f5es. N\u00e3o continue a utilizar Equipes Notre-Dame se voc\u00ea n\u00e3o concordar em [&hellip;]<\/p>\n","protected":false},"author":2,"featured_media":0,"parent":0,"menu_order":0,"comment_status":"closed","ping_status":"closed","template":"","meta":{"footnotes":"","_links_to":"","_links_to_target":""},"translation":{"provider":"WPGlobus","version":"2.12.2","language":"pt","enabled_languages":["fr","pt","es","it","en"],"languages":{"fr":{"title":true,"content":true,"excerpt":false},"pt":{"title":true,"content":true,"excerpt":false},"es":{"title":true,"content":true,"excerpt":false},"it":{"title":true,"content":true,"excerpt":false},"en":{"title":true,"content":true,"excerpt":false}}},"_links":{"self":[{"href":"https:\/\/equipes-notre-dame.com\/pt\/wp-json\/wp\/v2\/pages\/1805"}],"collection":[{"href":"https:\/\/equipes-notre-dame.com\/pt\/wp-json\/wp\/v2\/pages"}],"about":[{"href":"https:\/\/equipes-notre-dame.com\/pt\/wp-json\/wp\/v2\/types\/page"}],"author":[{"embeddable":true,"href":"https:\/\/equipes-notre-dame.com\/pt\/wp-json\/wp\/v2\/users\/2"}],"replies":[{"embeddable":true,"href":"https:\/\/equipes-notre-dame.com\/pt\/wp-json\/wp\/v2\/comments?post=1805"}],"version-history":[{"count":4,"href":"https:\/\/equipes-notre-dame.com\/pt\/wp-json\/wp\/v2\/pages\/1805\/revisions"}],"predecessor-version":[{"id":3115,"href":"https:\/\/equipes-notre-dame.com\/pt\/wp-json\/wp\/v2\/pages\/1805\/revisions\/3115"}],"wp:attachment":[{"href":"https:\/\/equipes-notre-dame.com\/pt\/wp-json\/wp\/v2\/media?parent=1805"}],"curies":[{"name":"wp","href":"https:\/\/api.w.org\/{rel}","templated":true}]}}