{"id":1811,"date":"2019-08-26T14:02:02","date_gmt":"2019-08-26T14:02:02","guid":{"rendered":"http:\/\/equipes.nelsoncardeira.com\/?page_id=1811"},"modified":"2025-10-20T11:41:24","modified_gmt":"2025-10-20T11:41:24","slug":"cookies","status":"publish","type":"page","link":"https:\/\/equipes-notre-dame.com\/pt\/cookies\/","title":{"rendered":"Cookies"},"content":{"rendered":"<h1>Pol\u00edtica de Cookies para Equipamentos Notre-Dame<\/h1>\n<p>Esta \u00e9 a Pol\u00edtica de Cookie para Equipamentos Notre-Dame, acess\u00edvel a partir de https:\/\/equipes-notre-dame.com<\/p>\n<p><strong>O que s\u00e3o Cookies<\/strong><\/p>\n<p>Como \u00e9 pr\u00e1tica comum em quase todos os sites profissionais, este site usa cookies, que s\u00e3o pequenos arquivos que s\u00e3o baixados para o seu computador, para melhorar a sua experi\u00eancia. Esta p\u00e1gina descreve a informa\u00e7\u00e3o que eles recolhem, como a usamos e porque precisamos por vezes de armazenar estes cookies. Tamb\u00e9m compartilharemos como voc\u00ea pode evitar que esses cookies sejam armazenados, por\u00e9m isso pode diminuir ou &#8216;quebrar&#8217; certos elementos da funcionalidade dos sites.<\/p>\n<p>Para mais informa\u00e7\u00f5es gerais sobre cookies veja o artigo da Wikipedia sobre Cookies HTTP.<\/p>\n<p><strong>Como Utilizamos os Cookies<\/strong><\/p>\n<p>N\u00f3s usamos cookies por uma variedade de raz\u00f5es detalhadas abaixo. Infelizmente, na maioria dos casos n\u00e3o existem op\u00e7\u00f5es padr\u00e3o da ind\u00fastria para desativar os cookies sem desativar completamente as funcionalidades e recursos que eles adicionam a este site. \u00c9 recomendado que voc\u00ea deixe em todos os cookies se n\u00e3o tiver certeza se precisa deles ou n\u00e3o, caso eles sejam usados para fornecer um servi\u00e7o que voc\u00ea usa.<\/p>\n<p><strong>Desactivar os Cookies<\/strong><\/p>\n<p>Voc\u00ea pode evitar a configura\u00e7\u00e3o de cookies ajustando as configura\u00e7\u00f5es do seu navegador (consulte a Ajuda do seu navegador para saber como fazer isso). Esteja ciente de que desativar os cookies afetar\u00e1 a funcionalidade deste e de muitos outros sites que voc\u00ea visitar. Desabilitar os cookies normalmente resultar\u00e1 tamb\u00e9m na desabilita\u00e7\u00e3o de certas funcionalidades e recursos deste site. Portanto, \u00e9 recomend\u00e1vel que voc\u00ea n\u00e3o desabilite os cookies.<\/p>\n<p>Os Cookies que Definimos<\/p>\n<p><strong>Email newsletters relacionadas com cookies<\/strong><\/p>\n<p>Este site oferece servi\u00e7os de subscri\u00e7\u00e3o de newsletter ou e-mail e cookies podem ser usados para lembrar se voc\u00ea j\u00e1 est\u00e1 registrado e se deve mostrar certas notifica\u00e7\u00f5es que podem ser v\u00e1lidas apenas para usu\u00e1rios subscritos\/n\u00e3o subscritos.<\/p>\n<p><strong>Cookies relacionados com as pesquisas<\/strong><\/p>\n<p>De vez em quando, oferecemos pesquisas e question\u00e1rios aos usu\u00e1rios para lhe fornecer insights interessantes, ferramentas \u00fateis ou para entender nossa base de usu\u00e1rios com mais precis\u00e3o. Estas pesquisas podem usar cookies para lembrar quem j\u00e1 participou de uma pesquisa ou para lhe fornecer resultados precisos depois de mudar de p\u00e1gina.<\/p>\n<p><strong>Formul\u00e1rios relacionados com cookies<\/strong><\/p>\n<p>Quando voc\u00ea envia dados atrav\u00e9s de um formul\u00e1rio como os encontrados nas p\u00e1ginas de contato ou formul\u00e1rios de coment\u00e1rios, os cookies podem ser configurados para lembrar seus dados de usu\u00e1rio para correspond\u00eancia futura.<\/p>\n<p><strong>Cookies de Terceiros<\/strong><\/p>\n<p>Em alguns casos especiais, tamb\u00e9m usamos cookies fornecidos por terceiros de confian\u00e7a. A se\u00e7\u00e3o seguinte detalha quais cookies de terceiros voc\u00ea pode encontrar atrav\u00e9s deste site.<\/p>\n<p>Este site usa o Google Analytics, que \u00e9 uma das solu\u00e7\u00f5es anal\u00edticas mais difundidas e confi\u00e1veis da web para nos ajudar a entender como voc\u00ea usa o site e como podemos melhorar sua experi\u00eancia. Esses cookies podem rastrear coisas como o tempo que voc\u00ea passa no site e as p\u00e1ginas que voc\u00ea visita para que possamos continuar a produzir conte\u00fado envolvente.<\/p>\n<p>Para obter mais informa\u00e7\u00f5es sobre os cookies do Google Analytics, consulte a p\u00e1gina oficial do Google Analytics.<\/p>\n<p>As an\u00e1lises de terceiros s\u00e3o usadas para rastrear e medir a utiliza\u00e7\u00e3o deste site para que possamos continuar a produzir conte\u00fado envolvente. Esses cookies podem rastrear coisas como quanto tempo voc\u00ea passa no site ou nas p\u00e1ginas que visita, o que nos ajuda a entender como podemos melhorar o site para voc\u00ea.<\/p>\n<p>De vez em quando, testamos novas funcionalidades e fazemos altera\u00e7\u00f5es subtis na forma como o site \u00e9 entregue. Quando ainda estamos a testar novas funcionalidades, estes cookies podem ser utilizados para garantir que recebe uma experi\u00eancia consistente enquanto est\u00e1 no site, ao mesmo tempo que garantimos que compreendemos quais as optimiza\u00e7\u00f5es que os nossos utilizadores mais apreciam.<\/p>\n<p>Tamb\u00e9m utilizamos bot\u00f5es e\/ou plugins de redes sociais neste site que lhe permitem ligar-se \u00e0 sua rede social de v\u00e1rias formas. Para que estes funcionem, os seguintes sites de redes sociais incluindo;<\/p>\n<p>https:\/\/www.facebook.com\/equipesnotredameinternational<\/p>\n<p>https:\/\/www.instagram.com\/equipes_notre_dame\/<\/p>\n<p>https:\/\/www.youtube.com\/@ericommunication771<\/p>\n<p>, ir\u00e3o definir cookies atrav\u00e9s do nosso site que podem ser utilizados para melhorar o seu perfil no site deles ou contribuir para os dados que eles possuem para v\u00e1rios fins delineados nas suas respectivas pol\u00edticas de privacidade.<\/p>\n<p><strong>Mais informa\u00e7\u00f5es<\/strong><\/p>\n<p>Esperamos que isso tenha esclarecido as coisas para si e como foi mencionado anteriormente se h\u00e1 algo que n\u00e3o tem a certeza se precisa ou n\u00e3o \u00e9 normalmente mais seguro deixar os cookies activados no caso de interagir com uma das funcionalidades que utiliza no nosso site. Esta Pol\u00edtica de Cookies foi criada com a ajuda do Gerador de Modelos da Pol\u00edtica de Cookies e do Modelo de Termos e Condi\u00e7\u00f5es.<\/p>\n<p>No entanto, se ainda estiver \u00e0 procura de mais informa\u00e7\u00f5es, pode contactar-nos atrav\u00e9s de um dos nossos m\u00e9todos de contacto preferidos:<\/p>\n<p>Email: webmaster@equipes-notre-dame.com<\/p>\n","protected":false},"excerpt":{"rendered":"<p>Pol\u00edtica de Cookies para Equipamentos Notre-Dame Esta \u00e9 a Pol\u00edtica de Cookie para Equipamentos Notre-Dame, acess\u00edvel a partir de https:\/\/equipes-notre-dame.com O que s\u00e3o Cookies Como \u00e9 pr\u00e1tica comum em quase todos os sites profissionais, este site usa cookies, que s\u00e3o pequenos arquivos que s\u00e3o baixados para o seu computador, para [&hellip;]<\/p>\n","protected":false},"author":2,"featured_media":0,"parent":0,"menu_order":0,"comment_status":"closed","ping_status":"closed","template":"","meta":{"footnotes":"","_links_to":"","_links_to_target":""},"translation":{"provider":"WPGlobus","version":"2.12.2","language":"pt","enabled_languages":["fr","pt","es","it","en"],"languages":{"fr":{"title":true,"content":true,"excerpt":false},"pt":{"title":true,"content":true,"excerpt":false},"es":{"title":true,"content":true,"excerpt":false},"it":{"title":true,"content":true,"excerpt":false},"en":{"title":false,"content":true,"excerpt":false}}},"_links":{"self":[{"href":"https:\/\/equipes-notre-dame.com\/pt\/wp-json\/wp\/v2\/pages\/1811"}],"collection":[{"href":"https:\/\/equipes-notre-dame.com\/pt\/wp-json\/wp\/v2\/pages"}],"about":[{"href":"https:\/\/equipes-notre-dame.com\/pt\/wp-json\/wp\/v2\/types\/page"}],"author":[{"embeddable":true,"href":"https:\/\/equipes-notre-dame.com\/pt\/wp-json\/wp\/v2\/users\/2"}],"replies":[{"embeddable":true,"href":"https:\/\/equipes-notre-dame.com\/pt\/wp-json\/wp\/v2\/comments?post=1811"}],"version-history":[{"count":7,"href":"https:\/\/equipes-notre-dame.com\/pt\/wp-json\/wp\/v2\/pages\/1811\/revisions"}],"predecessor-version":[{"id":5179,"href":"https:\/\/equipes-notre-dame.com\/pt\/wp-json\/wp\/v2\/pages\/1811\/revisions\/5179"}],"wp:attachment":[{"href":"https:\/\/equipes-notre-dame.com\/pt\/wp-json\/wp\/v2\/media?parent=1811"}],"curies":[{"name":"wp","href":"https:\/\/api.w.org\/{rel}","templated":true}]}}