{"id":3,"date":"2019-12-23T10:14:30","date_gmt":"2019-12-23T10:14:30","guid":{"rendered":"https:\/\/equipes-notre-dame.com\/?page_id=3"},"modified":"2019-12-26T15:09:53","modified_gmt":"2019-12-26T15:09:53","slug":"politique-de-confidentialite","status":"publish","type":"page","link":"https:\/\/equipes-notre-dame.com\/pt\/politica-de-privacidade\/","title":{"rendered":"Pol\u00edtica de Privacidade"},"content":{"rendered":"<h2>Quem somos n\u00f3s<\/h2>\n<p>O endere\u00e7o do nosso site \u00e9: https:\/\/equipes-notre-dame.com.<\/p>\n<p>Que dados pessoais recolhemos e porque os recolhemos<\/p>\n<p><strong>Coment\u00e1rios<\/strong><\/p>\n<p>Quando os visitantes deixam coment\u00e1rios no site, coletamos os dados mostrados no formul\u00e1rio de coment\u00e1rios, e tamb\u00e9m o endere\u00e7o IP do visitante e a string do agente de usu\u00e1rio do navegador para ajudar na detec\u00e7\u00e3o de spam.<\/p>\n<p>Uma string an\u00f4nima criada a partir do seu endere\u00e7o de e-mail (tamb\u00e9m chamada de hash) pode ser fornecida ao servi\u00e7o Gravatar para ver se voc\u00ea a est\u00e1 usando. A pol\u00edtica de privacidade do servi\u00e7o Gravatar est\u00e1 dispon\u00edvel aqui: https:\/\/automattic.com\/privacy\/. Ap\u00f3s a aprova\u00e7\u00e3o do seu coment\u00e1rio, sua foto de perfil \u00e9 vis\u00edvel ao p\u00fablico no contexto do seu coment\u00e1rio.<\/p>\n<p><strong>M\u00eddia<\/strong><\/p>\n<p>Se voc\u00ea carregar imagens para o site, voc\u00ea deve evitar carregar imagens com dados de localiza\u00e7\u00e3o incorporados (EXIF GPS) inclu\u00eddos. Os visitantes do site podem descarregar e extrair quaisquer dados de localiza\u00e7\u00e3o das imagens do site.<\/p>\n<p>Formul\u00e1rios de contacto<\/p>\n<p><strong>Cookies<\/strong><\/p>\n<p>Se voc\u00ea deixar um coment\u00e1rio em nosso site, voc\u00ea pode optar por salvar seu nome, endere\u00e7o de e-mail e site em cookies. Estes s\u00e3o para sua conveni\u00eancia para que voc\u00ea n\u00e3o tenha que preencher seus dados novamente quando voc\u00ea deixar outro coment\u00e1rio. Estes cookies ter\u00e3o a dura\u00e7\u00e3o de um ano.<\/p>\n<p>Se voc\u00ea visitar a nossa p\u00e1gina de login, iremos definir um cookie tempor\u00e1rio para determinar se o seu navegador aceita cookies. Este cookie n\u00e3o cont\u00e9m dados pessoais e \u00e9 descartado quando voc\u00ea fecha o seu navegador.<\/p>\n<p>Quando voc\u00ea entrar, n\u00f3s tamb\u00e9m configuraremos v\u00e1rios cookies para salvar suas informa\u00e7\u00f5es de login e suas escolhas de exibi\u00e7\u00e3o na tela. Os cookies de login duram dois dias, e os cookies de op\u00e7\u00f5es de tela duram um ano. Se voc\u00ea selecionar &#8220;Lembrar-me&#8221;, o seu login ir\u00e1 persistir por duas semanas. Se voc\u00ea sair da sua conta, os cookies de login ser\u00e3o removidos.<\/p>\n<p>Se voc\u00ea editar ou publicar um artigo, um cookie adicional ser\u00e1 salvo em seu navegador. Este cookie n\u00e3o inclui dados pessoais e indica simplesmente a ID do post do artigo que voc\u00ea acabou de editar. Ele expira ap\u00f3s 1 dia.<\/p>\n<p><strong>Conte\u00fado embutido de outros sites<\/strong><\/p>\n<p>Os artigos neste site podem incluir conte\u00fado incorporado (por exemplo, v\u00eddeos, imagens, artigos, etc.). Os conte\u00fados incorporados de outros sites comportam-se exactamente da mesma forma como se o visitante tivesse visitado o outro site.<\/p>\n<p>Esses sites podem coletar dados sobre voc\u00ea, usar cookies, incorporar rastreamento adicional de terceiros e monitorar sua intera\u00e7\u00e3o com esse conte\u00fado incorporado, incluindo o rastreamento de sua intera\u00e7\u00e3o com o conte\u00fado incorporado se voc\u00ea tiver uma conta e estiver conectado a esse site.<\/p>\n<p><strong>Anal\u00edticos<\/strong><\/p>\n<p>Com quem partilhamos os seus dados<\/p>\n<p>Por quanto tempo retemos os seus dados<\/p>\n<p>Se voc\u00ea deixar um coment\u00e1rio, o coment\u00e1rio e seus metadados s\u00e3o mantidos indefinidamente. Isto \u00e9 para que possamos reconhecer e aprovar automaticamente qualquer coment\u00e1rio subseq\u00fcente, em vez de mant\u00ea-los em uma fila de modera\u00e7\u00e3o.<\/p>\n<p>Para usu\u00e1rios que se registram em nosso site (se houver), tamb\u00e9m armazenamos as informa\u00e7\u00f5es pessoais que eles fornecem em seu perfil de usu\u00e1rio. Todos os usu\u00e1rios podem ver, editar ou excluir suas informa\u00e7\u00f5es pessoais a qualquer momento (exceto que n\u00e3o podem alterar seu nome de usu\u00e1rio). Os administradores do site tamb\u00e9m podem ver e editar essas informa\u00e7\u00f5es.<\/p>\n<p>Que direitos voc\u00ea tem sobre seus dados<\/p>\n<p>Se voc\u00ea tem uma conta neste site, ou deixou coment\u00e1rios, voc\u00ea pode pedir para receber um arquivo exportado dos dados pessoais que temos sobre voc\u00ea, incluindo quaisquer dados que voc\u00ea nos tenha fornecido. Voc\u00ea tamb\u00e9m pode solicitar que n\u00f3s apagamos quaisquer dados pessoais que temos sobre voc\u00ea. Isto n\u00e3o inclui quaisquer dados que sejamos obrigados a manter para fins administrativos, legais ou de seguran\u00e7a.<\/p>\n<p>Para onde enviamos os seus dados<\/p>\n<p>Os coment\u00e1rios dos visitantes podem ser verificados atrav\u00e9s de um servi\u00e7o autom\u00e1tico de detec\u00e7\u00e3o de spam.<\/p>\n<p>As suas informa\u00e7\u00f5es de contacto<\/p>\n<p>Informa\u00e7\u00f5es adicionais<\/p>\n<p>Como protegemos os seus dados<\/p>\n<p>Que procedimentos de viola\u00e7\u00e3o de dados temos em vigor<\/p>\n<p>De que terceiros recebemos dados<\/p>\n<p>Que tomada de decis\u00e3o automatizada e\/ou perfis fazemos com os dados dos utilizadores<\/p>\n<p>Exig\u00eancias de divulga\u00e7\u00e3o de regulamenta\u00e7\u00e3o da ind\u00fastria<\/p>\n","protected":false},"excerpt":{"rendered":"<p>Quem somos n\u00f3s O endere\u00e7o do nosso site \u00e9: https:\/\/equipes-notre-dame.com. Que dados pessoais recolhemos e porque os recolhemos Coment\u00e1rios Quando os visitantes deixam coment\u00e1rios no site, coletamos os dados mostrados no formul\u00e1rio de coment\u00e1rios, e tamb\u00e9m o endere\u00e7o IP do visitante e a string do agente de usu\u00e1rio do navegador [&hellip;]<\/p>\n","protected":false},"author":1,"featured_media":0,"parent":0,"menu_order":0,"comment_status":"closed","ping_status":"open","template":"","meta":{"footnotes":"","_links_to":"","_links_to_target":""},"translation":{"provider":"WPGlobus","version":"2.12.2","language":"pt","enabled_languages":["fr","pt","es","it","en"],"languages":{"fr":{"title":true,"content":true,"excerpt":false},"pt":{"title":true,"content":true,"excerpt":false},"es":{"title":true,"content":true,"excerpt":false},"it":{"title":true,"content":true,"excerpt":false},"en":{"title":true,"content":true,"excerpt":false}}},"_links":{"self":[{"href":"https:\/\/equipes-notre-dame.com\/pt\/wp-json\/wp\/v2\/pages\/3"}],"collection":[{"href":"https:\/\/equipes-notre-dame.com\/pt\/wp-json\/wp\/v2\/pages"}],"about":[{"href":"https:\/\/equipes-notre-dame.com\/pt\/wp-json\/wp\/v2\/types\/page"}],"author":[{"embeddable":true,"href":"https:\/\/equipes-notre-dame.com\/pt\/wp-json\/wp\/v2\/users\/1"}],"replies":[{"embeddable":true,"href":"https:\/\/equipes-notre-dame.com\/pt\/wp-json\/wp\/v2\/comments?post=3"}],"version-history":[{"count":3,"href":"https:\/\/equipes-notre-dame.com\/pt\/wp-json\/wp\/v2\/pages\/3\/revisions"}],"predecessor-version":[{"id":3126,"href":"https:\/\/equipes-notre-dame.com\/pt\/wp-json\/wp\/v2\/pages\/3\/revisions\/3126"}],"wp:attachment":[{"href":"https:\/\/equipes-notre-dame.com\/pt\/wp-json\/wp\/v2\/media?parent=3"}],"curies":[{"name":"wp","href":"https:\/\/api.w.org\/{rel}","templated":true}]}}